{"id":5,"date":"2015-09-30T12:51:17","date_gmt":"2015-09-30T11:51:17","guid":{"rendered":"http:\/\/formations.syndicat-naturopathie.fr\/?page_id=5"},"modified":"2017-08-24T10:57:13","modified_gmt":"2017-08-24T08:57:13","slug":"accueil","status":"publish","type":"page","link":"https:\/\/formations.syndicat-naturopathie.fr\/","title":{"rendered":"Accueil"},"content":{"rendered":"<p>Bonjour et bienvenue sur le site des Formations Compl\u00e9mentaires du Syndicat des professionnels de la Naturopathie.<\/p>\n<p><strong><em><span style=\"color: #008000;\">Nos formations n&rsquo;ont pas vocation \u00e0 vous proposer des cursus complets &#8211; nos \u00e9coles agr\u00e9es et partenaires sont comp\u00e9tentes pour le faire &#8211; mais plut\u00f4t pour offrir la possibilit\u00e9 de vous informer dans des domaines de comp\u00e9tences sp\u00e9cifiques.<\/span><\/em><\/strong><\/p>\n<p>Bien que le SPN vous propose ses formateurs, tr\u00e8s facilement joignables, les \u00e9coles participantes \u00e0 ce programme restent vos interlocuteurs privil\u00e9g\u00e9s quant \u00e0 la logistique de formation.<\/p>\n<p>Vous trouverez ici des formations simples mais tr\u00e8s compl\u00e8tes \u00e0 r\u00e9aliser tranquillement, \u00e0 la maison, au bureau ou de n&rsquo;importe quel endroit o\u00f9 vous pouvez vous connecter.<\/p>\n<h3><span style=\"color: #ff6600;\"><em>Comment fonctionne cette plateforme de formation :<\/em><\/span><\/h3>\n<p>Tout d&rsquo;abord, voici comment vous inscrire au site :<\/p>\n<p>Le e-learning est une m\u00e9thode d&rsquo;apprentissage progressive centr\u00e9e sur l&rsquo;apprentissage collaboratif, c&rsquo;est-\u00e0-dire une d\u00e9marche active par laquelle vous allez travailler \u00e0 l&rsquo;\u00e9laboration et l&rsquo;enrichissement de vos connaissances par le biais des diff\u00e9rents supports et par les \u00e9changes avec le formateur.<\/p>\n<p>Cette plate-forme constitue donc aussi un lieu privil\u00e9gi\u00e9 d&rsquo;interactions pour la construction collective des connaissances.<\/p>\n<p><u><strong>Vous allez pouvoir mesurer rapidement les atouts du elearning :<\/strong><\/u><\/p>\n<ul>\n<li><strong>L&rsquo;autonomie<\/strong> : vous \u00eates acteur \u00e0 part enti\u00e8re de votre formation<\/li>\n<li><strong>La flexibilit\u00e9 <\/strong>: vous allez vous former \u00e0 votre rythme et en fonction de vos contraintes quotidiennes<\/li>\n<li><strong>Le gain de temps<\/strong> : Vous n&rsquo;avez pas \u00e0 vous d\u00e9placer<\/li>\n<li><strong>Le suivi personnalis\u00e9<\/strong> de votre progression via les outils d&rsquo;\u00e9valuation interactifs mis \u00e0 votre disposition<\/li>\n<li><strong>La convivia<\/strong><strong>lit\u00e9<\/strong> : l&rsquo;ergonomie de la plate-forme et la p\u00e9dagogie du cours vous permettent une utilisation \u00e0 la fois simple, dynamique et ludique des contenus p\u00e9dagogiques sans rien c\u00e9der \u00e0 l&rsquo;exhaustivit\u00e9 et la rigueur.<br \/>\n<h3><em><span style=\"font-size: 18px;\"><span style=\"color: #ffa500;\">Comment lire et apprendre une le\u00e7on :<\/span><strong><span style=\"color: #ffa500;\"><br \/>\n<\/span><\/strong><\/span><\/em><\/h3>\n<\/li>\n<\/ul>\n<ol>\n<li>Cliquer sur <strong>le module<\/strong> choisi.<\/li>\n<li>Puis lire les le\u00e7ons, de pr\u00e9f\u00e9rence dans l&rsquo;ordre.<\/li>\n<li>R\u00e9alisez vos fiches personnelles. Revenez sur la le\u00e7on si n\u00e9cessaire. En cas de doute, consultez le formateur.<\/li>\n<li><strong>A la fin de la le\u00e7on, cliquez sur le bouton de fin de le\u00e7on. Vous pouvez revenir sur la le\u00e7on m\u00eame apr\u00e8s avoir cliqu\u00e9.<\/strong><\/li>\n<li>Si un quiz est propos\u00e9, r\u00e9pondez aux questions dans le but d&rsquo;avoir 50% de r\u00e9ussite.<\/li>\n<li>Dans votre espace \u00e9l\u00e8ve, rubrique \u00ab\u00a0Cours termin\u00e9s\u00a0\u00bb, vous trouvez alors votre certificat \u00e0 imprimer ou enregistrer.<\/li>\n<\/ol>\n<p>Nos \u00e9quipes vous souhaite une excellente formation !<\/p>\n<div class=\"clear\"><\/div>\n","protected":false},"excerpt":{"rendered":"<p>Bonjour et bienvenue sur le site des Formations Compl\u00e9mentaires du Syndicat des professionnels de la Naturopathie. Nos formations n&rsquo;ont pas vocation \u00e0 vous proposer des cursus complets &#8211; nos \u00e9coles agr\u00e9es et partenaires sont comp\u00e9tentes pour le faire &#8211; mais plut\u00f4t pour offrir la possibilit\u00e9 de vous informer dans des domaines de comp\u00e9tences sp\u00e9cifiques. Bien [&hellip;]<\/p>\n","protected":false},"author":1,"featured_media":0,"parent":0,"menu_order":0,"comment_status":"closed","ping_status":"closed","template":"","meta":{"footnotes":""},"class_list":["post-5","page","type-page","status-publish","hentry"],"aioseo_notices":[],"_links":{"self":[{"href":"https:\/\/formations.syndicat-naturopathie.fr\/index.php?rest_route=\/wp\/v2\/pages\/5","targetHints":{"allow":["GET"]}}],"collection":[{"href":"https:\/\/formations.syndicat-naturopathie.fr\/index.php?rest_route=\/wp\/v2\/pages"}],"about":[{"href":"https:\/\/formations.syndicat-naturopathie.fr\/index.php?rest_route=\/wp\/v2\/types\/page"}],"author":[{"embeddable":true,"href":"https:\/\/formations.syndicat-naturopathie.fr\/index.php?rest_route=\/wp\/v2\/users\/1"}],"replies":[{"embeddable":true,"href":"https:\/\/formations.syndicat-naturopathie.fr\/index.php?rest_route=%2Fwp%2Fv2%2Fcomments&post=5"}],"version-history":[{"count":0,"href":"https:\/\/formations.syndicat-naturopathie.fr\/index.php?rest_route=\/wp\/v2\/pages\/5\/revisions"}],"wp:attachment":[{"href":"https:\/\/formations.syndicat-naturopathie.fr\/index.php?rest_route=%2Fwp%2Fv2%2Fmedia&parent=5"}],"curies":[{"name":"wp","href":"https:\/\/api.w.org\/{rel}","templated":true}]}}